{"id":1380,"date":"2025-06-19T10:25:36","date_gmt":"2025-06-19T08:25:36","guid":{"rendered":"https:\/\/escolavirtual.cat\/es\/?page_id=1380"},"modified":"2026-03-31T22:28:33","modified_gmt":"2026-03-31T20:28:33","slug":"referencias","status":"publish","type":"page","link":"https:\/\/escolavirtual.cat\/es\/referencias\/","title":{"rendered":"<!bibliogr\u00e1ficas-->"},"content":{"rendered":"\t\t<div data-elementor-type=\"wp-page\" data-elementor-id=\"1380\" class=\"elementor elementor-1380\">\n\t\t\t\t<div class=\"elementor-element elementor-element-38a0cdc e-flex e-con-boxed e-con e-parent\" data-id=\"38a0cdc\" data-element_type=\"container\" data-e-type=\"container\">\n\t\t\t\t\t<div class=\"e-con-inner\">\n\t\t<div class=\"elementor-element elementor-element-dfd6d17 e-con-full e-flex e-con e-child\" data-id=\"dfd6d17\" data-element_type=\"container\" data-e-type=\"container\">\n\t\t\t\t<div class=\"elementor-element elementor-element-133ca2f elementor-widget elementor-widget-text-editor\" data-id=\"133ca2f\" data-element_type=\"widget\" data-e-type=\"widget\" data-widget_type=\"text-editor.default\">\n\t\t\t\t<div class=\"elementor-widget-container\">\n\t\t\t\t\t\t\t\t\t<h2><span style=\"color: #cc99ff;\">Bibliografia<\/span><\/h2>\t\t\t\t\t\t\t\t<\/div>\n\t\t\t\t<\/div>\n\t\t\t\t<\/div>\n\t\t<div class=\"elementor-element elementor-element-23b91ff e-con-full e-grid e-con e-child\" data-id=\"23b91ff\" data-element_type=\"container\" data-e-type=\"container\">\n\t\t\t\t<div class=\"elementor-element elementor-element-f5061db elementor-align-justify elementor-widget elementor-widget-button\" data-id=\"f5061db\" data-element_type=\"widget\" data-e-type=\"widget\" data-widget_type=\"button.default\">\n\t\t\t\t<div class=\"elementor-widget-container\">\n\t\t\t\t\t\t\t\t\t<div class=\"elementor-button-wrapper\">\n\t\t\t\t\t<a class=\"elementor-button elementor-button-link elementor-size-sm\" href=\"https:\/\/escolavirtual.cat\/es\/referencias\/\">\n\t\t\t\t\t\t<span class=\"elementor-button-content-wrapper\">\n\t\t\t\t\t\t\t\t\t<span class=\"elementor-button-text\">Obras<br>generales<\/span>\n\t\t\t\t\t<\/span>\n\t\t\t\t\t<\/a>\n\t\t\t\t<\/div>\n\t\t\t\t\t\t\t\t<\/div>\n\t\t\t\t<\/div>\n\t\t\t\t<div class=\"elementor-element elementor-element-be80adc elementor-align-justify elementor-widget elementor-widget-button\" data-id=\"be80adc\" data-element_type=\"widget\" data-e-type=\"widget\" data-widget_type=\"button.default\">\n\t\t\t\t<div class=\"elementor-widget-container\">\n\t\t\t\t\t\t\t\t\t<div class=\"elementor-button-wrapper\">\n\t\t\t\t\t<a class=\"elementor-button elementor-button-link elementor-size-sm\" href=\"https:\/\/escolavirtual.cat\/es\/referencias\/tecnologia\">\n\t\t\t\t\t\t<span class=\"elementor-button-content-wrapper\">\n\t\t\t\t\t\t\t\t\t<span class=\"elementor-button-text\">Tecnolog\u00eda<br>&amp; IA<\/span>\n\t\t\t\t\t<\/span>\n\t\t\t\t\t<\/a>\n\t\t\t\t<\/div>\n\t\t\t\t\t\t\t\t<\/div>\n\t\t\t\t<\/div>\n\t\t\t\t<div class=\"elementor-element elementor-element-84d485e elementor-align-justify elementor-widget elementor-widget-button\" data-id=\"84d485e\" data-element_type=\"widget\" data-e-type=\"widget\" data-widget_type=\"button.default\">\n\t\t\t\t<div class=\"elementor-widget-container\">\n\t\t\t\t\t\t\t\t\t<div class=\"elementor-button-wrapper\">\n\t\t\t\t\t<a class=\"elementor-button elementor-button-link elementor-size-sm\" href=\"https:\/\/escolavirtual.cat\/es\/referencias\/calidad\">\n\t\t\t\t\t\t<span class=\"elementor-button-content-wrapper\">\n\t\t\t\t\t\t\t\t\t<span class=\"elementor-button-text\">Calidad<\/span>\n\t\t\t\t\t<\/span>\n\t\t\t\t\t<\/a>\n\t\t\t\t<\/div>\n\t\t\t\t\t\t\t\t<\/div>\n\t\t\t\t<\/div>\n\t\t\t\t<div class=\"elementor-element elementor-element-e966acf elementor-align-center elementor-widget elementor-widget-button\" data-id=\"e966acf\" data-element_type=\"widget\" data-e-type=\"widget\" data-widget_type=\"button.default\">\n\t\t\t\t<div class=\"elementor-widget-container\">\n\t\t\t\t\t\t\t\t\t<div class=\"elementor-button-wrapper\">\n\t\t\t\t\t<a class=\"elementor-button elementor-button-link elementor-size-sm\" href=\"https:\/\/escolavirtual.cat\/es\/referencias\/aprendizaje\">\n\t\t\t\t\t\t<span class=\"elementor-button-content-wrapper\">\n\t\t\t\t\t\t\t\t\t<span class=\"elementor-button-text\">Aprendizaje<br>activo<\/span>\n\t\t\t\t\t<\/span>\n\t\t\t\t\t<\/a>\n\t\t\t\t<\/div>\n\t\t\t\t\t\t\t\t<\/div>\n\t\t\t\t<\/div>\n\t\t\t\t<div class=\"elementor-element elementor-element-5f030cd elementor-align-center elementor-widget elementor-widget-button\" data-id=\"5f030cd\" data-element_type=\"widget\" data-e-type=\"widget\" data-widget_type=\"button.default\">\n\t\t\t\t<div class=\"elementor-widget-container\">\n\t\t\t\t\t\t\t\t\t<div class=\"elementor-button-wrapper\">\n\t\t\t\t\t<a class=\"elementor-button elementor-button-link elementor-size-sm\" href=\"https:\/\/escolavirtual.cat\/es\/referencias\/trabajo\">\n\t\t\t\t\t\t<span class=\"elementor-button-content-wrapper\">\n\t\t\t\t\t\t\t\t\t<span class=\"elementor-button-text\">Trabajo<br>colaborativo<\/span>\n\t\t\t\t\t<\/span>\n\t\t\t\t\t<\/a>\n\t\t\t\t<\/div>\n\t\t\t\t\t\t\t\t<\/div>\n\t\t\t\t<\/div>\n\t\t\t\t<div class=\"elementor-element elementor-element-f6b0648 elementor-align-justify elementor-widget elementor-widget-button\" data-id=\"f6b0648\" data-element_type=\"widget\" data-e-type=\"widget\" data-widget_type=\"button.default\">\n\t\t\t\t<div class=\"elementor-widget-container\">\n\t\t\t\t\t\t\t\t\t<div class=\"elementor-button-wrapper\">\n\t\t\t\t\t<a class=\"elementor-button elementor-button-link elementor-size-sm\" href=\"https:\/\/escolavirtual.cat\/es\/referencias\/sobreproteccion\">\n\t\t\t\t\t\t<span class=\"elementor-button-content-wrapper\">\n\t\t\t\t\t\t\t\t\t<span class=\"elementor-button-text\">Sobreprotecci\u00f3n<\/span>\n\t\t\t\t\t<\/span>\n\t\t\t\t\t<\/a>\n\t\t\t\t<\/div>\n\t\t\t\t\t\t\t\t<\/div>\n\t\t\t\t<\/div>\n\t\t\t\t<div class=\"elementor-element elementor-element-2a1dc4e elementor-align-justify elementor-widget elementor-widget-button\" data-id=\"2a1dc4e\" data-element_type=\"widget\" data-e-type=\"widget\" data-widget_type=\"button.default\">\n\t\t\t\t<div class=\"elementor-widget-container\">\n\t\t\t\t\t\t\t\t\t<div class=\"elementor-button-wrapper\">\n\t\t\t\t\t<a class=\"elementor-button elementor-button-link elementor-size-sm\" href=\"https:\/\/escolavirtual.cat\/es\/referencias\/privacidad\">\n\t\t\t\t\t\t<span class=\"elementor-button-content-wrapper\">\n\t\t\t\t\t\t\t\t\t<span class=\"elementor-button-text\">Privacidad<\/span>\n\t\t\t\t\t<\/span>\n\t\t\t\t\t<\/a>\n\t\t\t\t<\/div>\n\t\t\t\t\t\t\t\t<\/div>\n\t\t\t\t<\/div>\n\t\t\t\t<\/div>\n\t\t<div class=\"elementor-element elementor-element-fa56af1 e-con-full e-flex e-con e-child\" data-id=\"fa56af1\" data-element_type=\"container\" data-e-type=\"container\">\n\t\t<div class=\"elementor-element elementor-element-c68896f e-con-full e-flex e-con e-child\" data-id=\"c68896f\" data-element_type=\"container\" data-e-type=\"container\">\n\t\t\t\t<div class=\"elementor-element elementor-element-236d407 elementor-widget elementor-widget-heading\" data-id=\"236d407\" data-element_type=\"widget\" data-e-type=\"widget\" data-widget_type=\"heading.default\">\n\t\t\t\t<div class=\"elementor-widget-container\">\n\t\t\t\t\t<h2 class=\"elementor-heading-title elementor-size-default\">Obras generales<\/h2>\t\t\t\t<\/div>\n\t\t\t\t<\/div>\n\t\t\t\t<div class=\"elementor-element elementor-element-d7e0f9c elementor-widget elementor-widget-heading\" data-id=\"d7e0f9c\" data-element_type=\"widget\" data-e-type=\"widget\" data-widget_type=\"heading.default\">\n\t\t\t\t<div class=\"elementor-widget-container\">\n\t\t\t\t\t<p class=\"elementor-heading-title elementor-size-default\">\"Si conocemos como se aprende, sabremos c\u00f3mo ense\u00f1ar\"<\/p>\t\t\t\t<\/div>\n\t\t\t\t<\/div>\n\t\t\t\t<div class=\"elementor-element elementor-element-74e8fd2 elementor-widget elementor-widget-text-editor\" data-id=\"74e8fd2\" data-element_type=\"widget\" data-e-type=\"widget\" data-widget_type=\"text-editor.default\">\n\t\t\t\t<div class=\"elementor-widget-container\">\n\t\t\t\t\t\t\t\t\t<p>1. Santmart\u00ed, N. (2007). <em>10 ideas clave. Evaluar para Aprender.<\/em> Gra\u00f3.<\/p><p>2. Santmart\u00ed, N. y Jorba, J. (1994). <em>Ense\u00f1ar, aprender y evaluar. Un proceso de evaluaci\u00f3n continua. Propuesta did\u00e1ctica para \u00e1reas las ciencias de la Naturaleza y las matem\u00e1ticas.<\/em> Ministerio Educaci\u00f3n y Ciencia.<\/p><p>3. Santmart\u00ed, N. (2002). <em>Did\u00e1ctica de las ciencias en la Educaci\u00f3n Secundaria Obligatoria.<\/em> S\u00edntesis.<\/p><p>4. Zabala, A. y Anau, L. (2007). 11 <em>Ideas clave. Como ense\u00f1ar y aprender competencias.<\/em> Gra\u00f3.<\/p><p>5. Zabala Vidiella, A. (1995). <em>La pr\u00e0ctica educativa. Com ensenyar.<\/em> Gra\u00f3.<\/p><p>6. Jim\u00e9nez Aleixandre, M\u00aa P., \u00a0Pedrinaci Rodr\u00edguez, E.,\u00a0 Viera S\u00e1nchez, A., Caama\u00f1o Ros, A., \u00a0de Pro Bueno, A. y \u00a0O\u00f1orbe de Torre,A. (2003). <em>Ense\u00f1ar ciencias.<\/em> Gra\u00f3.<\/p><p>7.\u00a0 Mart\u00edn Ortega, E., Mauri Maj\u00f3s, T., Miras Mestres, M., Onrubia Go\u00f1i, J., Zabala Vidiella, A., Coll i Salvador, C. y Sol\u00e9 Gallart, I. (1993). <em>El constructivismo en el aula.\u00a0<\/em> Gra\u00f3.<\/p><p>8. Bueno i Torrens, D. (2021). <em>Neuroci\u00e8ncia per a educadors.<\/em> Associaci\u00f3 de Mestres Rosa Sensat.<\/p><p>9. Tirado Ramos, M A (2022). <em>Escuelas que ense\u00f1an. El conocimiento s\u00ed importa.<\/em> Circulo Rojo.<\/p><p>10. Benejam, P. (2015). <em>Quina educaci\u00f3 volem? <\/em>Associaci\u00f3 de Mestres Rosa Sensat.<\/p><p>11. Bardera, D. (2024). <em>Incompet\u00e8ncies b\u00e0siques. Cr\u00f2nica d&#8217;un desgavell educatiu.<\/em> P\u00f2rtic.<\/p><p>12. Melagarejo Draper, X. (2013).<em> Gracias Finlandia: lo que podemos aprender del sistema educativo de m\u00e1s \u00e9xito<\/em>. Plataforma Editorial S.L.<\/p><p>14. Decret 32\/2022, d\u20191 d\u2019agost, pel qual s\u2019estableix el curr\u00edculum de l\u2019educaci\u00f3 secund\u00e0ria obligat\u00f2ria a les Illes Balears.<\/p><p>15. Real Decreto 217\/2022, de 29 de marzo, por el que se establece la ordenaci\u00f3n y las ense\u00f1anzas m\u00ednimas de la Educaci\u00f3n Secundaria Obligatoria.<\/p><p>16. Ordine, N. (2013). La utilidad de lo in\u00fatil. Acantilado.<\/p><p>17. Christodoulou, D. (2014). Seven Myths about Education. Routledge.<\/p><p class=\"f-serif balance-title f-w-4 svelte-dfv8u\">\u00a0<\/p>\t\t\t\t\t\t\t\t<\/div>\n\t\t\t\t<\/div>\n\t\t\t\t<\/div>\n\t\t\t\t<\/div>\n\t\t\t\t\t<\/div>\n\t\t\t\t<\/div>\n\t\t\t\t<\/div>\n\t\t","protected":false},"excerpt":{"rendered":"<p>Bibliografia Obrasgenerales Tecnolog\u00eda&amp; IA Calidad Aprendizajeactivo Trabajocolaborativo Sobreprotecci\u00f3n Privacidad Obras generales \u00abSi conocemos como se aprende, sabremos c\u00f3mo ense\u00f1ar\u00bb 1. Santmart\u00ed, N. (2007). 10 ideas clave. Evaluar para Aprender. Gra\u00f3. 2. Santmart\u00ed, N. y Jorba, J. (1994). Ense\u00f1ar, aprender y evaluar. Un proceso de evaluaci\u00f3n continua. Propuesta did\u00e1ctica para \u00e1reas las ciencias de la Naturaleza [&hellip;]<\/p>\n","protected":false},"author":1,"featured_media":0,"parent":0,"menu_order":0,"comment_status":"closed","ping_status":"closed","template":"","meta":{"footnotes":""},"class_list":["post-1380","page","type-page","status-publish","hentry"],"blocksy_meta":[],"_links":{"self":[{"href":"https:\/\/escolavirtual.cat\/es\/wp-json\/wp\/v2\/pages\/1380","targetHints":{"allow":["GET"]}}],"collection":[{"href":"https:\/\/escolavirtual.cat\/es\/wp-json\/wp\/v2\/pages"}],"about":[{"href":"https:\/\/escolavirtual.cat\/es\/wp-json\/wp\/v2\/types\/page"}],"author":[{"embeddable":true,"href":"https:\/\/escolavirtual.cat\/es\/wp-json\/wp\/v2\/users\/1"}],"replies":[{"embeddable":true,"href":"https:\/\/escolavirtual.cat\/es\/wp-json\/wp\/v2\/comments?post=1380"}],"version-history":[{"count":601,"href":"https:\/\/escolavirtual.cat\/es\/wp-json\/wp\/v2\/pages\/1380\/revisions"}],"predecessor-version":[{"id":5468,"href":"https:\/\/escolavirtual.cat\/es\/wp-json\/wp\/v2\/pages\/1380\/revisions\/5468"}],"wp:attachment":[{"href":"https:\/\/escolavirtual.cat\/es\/wp-json\/wp\/v2\/media?parent=1380"}],"curies":[{"name":"wp","href":"https:\/\/api.w.org\/{rel}","templated":true}]}}