{"id":2402,"date":"2025-07-21T11:45:45","date_gmt":"2025-07-21T09:45:45","guid":{"rendered":"https:\/\/escolavirtual.cat\/es\/?page_id=2402"},"modified":"2025-12-02T18:28:08","modified_gmt":"2025-12-02T16:28:08","slug":"trabajo","status":"publish","type":"page","link":"https:\/\/escolavirtual.cat\/es\/referencias\/trabajo\/","title":{"rendered":"<!trabajo-->"},"content":{"rendered":"\t\t<div data-elementor-type=\"wp-page\" data-elementor-id=\"2402\" class=\"elementor elementor-2402\">\n\t\t\t\t<div class=\"elementor-element elementor-element-83cd320 e-flex e-con-boxed e-con e-parent\" data-id=\"83cd320\" data-element_type=\"container\" data-e-type=\"container\">\n\t\t\t\t\t<div class=\"e-con-inner\">\n\t\t<div class=\"elementor-element elementor-element-a5df077 e-con-full e-flex e-con e-child\" data-id=\"a5df077\" data-element_type=\"container\" data-e-type=\"container\">\n\t\t\t\t<div class=\"elementor-element elementor-element-196d717 elementor-widget elementor-widget-text-editor\" data-id=\"196d717\" data-element_type=\"widget\" data-e-type=\"widget\" data-widget_type=\"text-editor.default\">\n\t\t\t\t<div class=\"elementor-widget-container\">\n\t\t\t\t\t\t\t\t\t<h2><span style=\"color: #cc99ff;\">Bibliografia<\/span><\/h2>\t\t\t\t\t\t\t\t<\/div>\n\t\t\t\t<\/div>\n\t\t\t\t<\/div>\n\t\t<div class=\"elementor-element elementor-element-3d375c2 e-con-full e-grid e-con e-child\" data-id=\"3d375c2\" data-element_type=\"container\" data-e-type=\"container\">\n\t\t\t\t<div class=\"elementor-element elementor-element-d462f42 elementor-align-justify elementor-widget elementor-widget-button\" data-id=\"d462f42\" data-element_type=\"widget\" data-e-type=\"widget\" data-widget_type=\"button.default\">\n\t\t\t\t<div class=\"elementor-widget-container\">\n\t\t\t\t\t\t\t\t\t<div class=\"elementor-button-wrapper\">\n\t\t\t\t\t<a class=\"elementor-button elementor-button-link elementor-size-sm\" href=\"https:\/\/escolavirtual.cat\/es\/referencias\/\">\n\t\t\t\t\t\t<span class=\"elementor-button-content-wrapper\">\n\t\t\t\t\t\t\t\t\t<span class=\"elementor-button-text\">Obras<br>generales<\/span>\n\t\t\t\t\t<\/span>\n\t\t\t\t\t<\/a>\n\t\t\t\t<\/div>\n\t\t\t\t\t\t\t\t<\/div>\n\t\t\t\t<\/div>\n\t\t\t\t<div class=\"elementor-element elementor-element-e848117 elementor-align-justify elementor-widget elementor-widget-button\" data-id=\"e848117\" data-element_type=\"widget\" data-e-type=\"widget\" data-widget_type=\"button.default\">\n\t\t\t\t<div class=\"elementor-widget-container\">\n\t\t\t\t\t\t\t\t\t<div class=\"elementor-button-wrapper\">\n\t\t\t\t\t<a class=\"elementor-button elementor-button-link elementor-size-sm\" href=\"https:\/\/escolavirtual.cat\/es\/referencias\/tecnologia\">\n\t\t\t\t\t\t<span class=\"elementor-button-content-wrapper\">\n\t\t\t\t\t\t\t\t\t<span class=\"elementor-button-text\">Tecnolog\u00eda<br>&amp; IA<\/span>\n\t\t\t\t\t<\/span>\n\t\t\t\t\t<\/a>\n\t\t\t\t<\/div>\n\t\t\t\t\t\t\t\t<\/div>\n\t\t\t\t<\/div>\n\t\t\t\t<div class=\"elementor-element elementor-element-42bf003 elementor-align-justify elementor-widget elementor-widget-button\" data-id=\"42bf003\" data-element_type=\"widget\" data-e-type=\"widget\" data-widget_type=\"button.default\">\n\t\t\t\t<div class=\"elementor-widget-container\">\n\t\t\t\t\t\t\t\t\t<div class=\"elementor-button-wrapper\">\n\t\t\t\t\t<a class=\"elementor-button elementor-button-link elementor-size-sm\" href=\"https:\/\/escolavirtual.cat\/es\/referencias\/calidad\">\n\t\t\t\t\t\t<span class=\"elementor-button-content-wrapper\">\n\t\t\t\t\t\t\t\t\t<span class=\"elementor-button-text\">Calidad<\/span>\n\t\t\t\t\t<\/span>\n\t\t\t\t\t<\/a>\n\t\t\t\t<\/div>\n\t\t\t\t\t\t\t\t<\/div>\n\t\t\t\t<\/div>\n\t\t\t\t<div class=\"elementor-element elementor-element-31fc40a elementor-align-center elementor-widget elementor-widget-button\" data-id=\"31fc40a\" data-element_type=\"widget\" data-e-type=\"widget\" data-widget_type=\"button.default\">\n\t\t\t\t<div class=\"elementor-widget-container\">\n\t\t\t\t\t\t\t\t\t<div class=\"elementor-button-wrapper\">\n\t\t\t\t\t<a class=\"elementor-button elementor-button-link elementor-size-sm\" href=\"https:\/\/escolavirtual.cat\/es\/referencias\/aprendizaje\">\n\t\t\t\t\t\t<span class=\"elementor-button-content-wrapper\">\n\t\t\t\t\t\t\t\t\t<span class=\"elementor-button-text\">Aprendizaje<br>activo<\/span>\n\t\t\t\t\t<\/span>\n\t\t\t\t\t<\/a>\n\t\t\t\t<\/div>\n\t\t\t\t\t\t\t\t<\/div>\n\t\t\t\t<\/div>\n\t\t\t\t<div class=\"elementor-element elementor-element-0592ba9 elementor-align-center elementor-widget elementor-widget-button\" data-id=\"0592ba9\" data-element_type=\"widget\" data-e-type=\"widget\" data-widget_type=\"button.default\">\n\t\t\t\t<div class=\"elementor-widget-container\">\n\t\t\t\t\t\t\t\t\t<div class=\"elementor-button-wrapper\">\n\t\t\t\t\t<a class=\"elementor-button elementor-button-link elementor-size-sm\" href=\"https:\/\/escolavirtual.cat\/es\/referencias\/trabajo\">\n\t\t\t\t\t\t<span class=\"elementor-button-content-wrapper\">\n\t\t\t\t\t\t\t\t\t<span class=\"elementor-button-text\">Trabajo<br>colaborativo<\/span>\n\t\t\t\t\t<\/span>\n\t\t\t\t\t<\/a>\n\t\t\t\t<\/div>\n\t\t\t\t\t\t\t\t<\/div>\n\t\t\t\t<\/div>\n\t\t\t\t<div class=\"elementor-element elementor-element-7ee6afd elementor-align-justify elementor-widget elementor-widget-button\" data-id=\"7ee6afd\" data-element_type=\"widget\" data-e-type=\"widget\" data-widget_type=\"button.default\">\n\t\t\t\t<div class=\"elementor-widget-container\">\n\t\t\t\t\t\t\t\t\t<div class=\"elementor-button-wrapper\">\n\t\t\t\t\t<a class=\"elementor-button elementor-button-link elementor-size-sm\" href=\"https:\/\/escolavirtual.cat\/es\/referencias\/sobreproteccion\">\n\t\t\t\t\t\t<span class=\"elementor-button-content-wrapper\">\n\t\t\t\t\t\t\t\t\t<span class=\"elementor-button-text\">Sobreprotecci\u00f3n<\/span>\n\t\t\t\t\t<\/span>\n\t\t\t\t\t<\/a>\n\t\t\t\t<\/div>\n\t\t\t\t\t\t\t\t<\/div>\n\t\t\t\t<\/div>\n\t\t\t\t<div class=\"elementor-element elementor-element-2b01fbb elementor-align-justify elementor-widget elementor-widget-button\" data-id=\"2b01fbb\" data-element_type=\"widget\" data-e-type=\"widget\" data-widget_type=\"button.default\">\n\t\t\t\t<div class=\"elementor-widget-container\">\n\t\t\t\t\t\t\t\t\t<div class=\"elementor-button-wrapper\">\n\t\t\t\t\t<a class=\"elementor-button elementor-button-link elementor-size-sm\" href=\"https:\/\/escolavirtual.cat\/es\/referencias\/privacidad\">\n\t\t\t\t\t\t<span class=\"elementor-button-content-wrapper\">\n\t\t\t\t\t\t\t\t\t<span class=\"elementor-button-text\">Privacidad<\/span>\n\t\t\t\t\t<\/span>\n\t\t\t\t\t<\/a>\n\t\t\t\t<\/div>\n\t\t\t\t\t\t\t\t<\/div>\n\t\t\t\t<\/div>\n\t\t\t\t<\/div>\n\t\t<div class=\"elementor-element elementor-element-77e44eb e-con-full e-flex e-con e-child\" data-id=\"77e44eb\" data-element_type=\"container\" data-e-type=\"container\">\n\t\t<div class=\"elementor-element elementor-element-35687a9 e-con-full e-flex e-con e-child\" data-id=\"35687a9\" data-element_type=\"container\" data-e-type=\"container\">\n\t\t\t\t<div class=\"elementor-element elementor-element-a0499aa elementor-widget elementor-widget-heading\" data-id=\"a0499aa\" data-element_type=\"widget\" data-e-type=\"widget\" data-widget_type=\"heading.default\">\n\t\t\t\t<div class=\"elementor-widget-container\">\n\t\t\t\t\t<h2 class=\"elementor-heading-title elementor-size-default\">Equipos colaborativos<\/h2>\t\t\t\t<\/div>\n\t\t\t\t<\/div>\n\t\t\t\t<div class=\"elementor-element elementor-element-9ab0031 elementor-widget elementor-widget-heading\" data-id=\"9ab0031\" data-element_type=\"widget\" data-e-type=\"widget\" data-widget_type=\"heading.default\">\n\t\t\t\t<div class=\"elementor-widget-container\">\n\t\t\t\t\t<p class=\"elementor-heading-title elementor-size-default\">\"O navegamos juntos o nos hundimos juntos\" <sup>[3]<\/sup><\/p>\t\t\t\t<\/div>\n\t\t\t\t<\/div>\n\t\t\t\t<div class=\"elementor-element elementor-element-26aed62 elementor-widget elementor-widget-text-editor\" data-id=\"26aed62\" data-element_type=\"widget\" data-e-type=\"widget\" data-widget_type=\"text-editor.default\">\n\t\t\t\t<div class=\"elementor-widget-container\">\n\t\t\t\t\t\t\t\t\t<p>1. Pujol\u00e0s Maset, P. (2008). 9 ideas clave. El aprendizaje cooperativo. Editorial Gra\u00f3.<\/p><p>2. Johnson, DW. y Johnson, RT. (2014). La evaluaci\u00f3n en el aprendizaje cooperativo. C\u00f3mo mejorar la evaluaci\u00f3n individual a trav\u00e9s del grupo. Editorial SM.<\/p><p>3. Amiguet, Ll. (23\/09\/2017). <em>Lavanguardia.com<\/em>. David Johnson: \u201cO navegamos juntos o nos hundimos juntos\u201d. <a href=\"https:\/\/www.lavanguardia.com\/lacontra\/20170923\/431475216101\/o-navegamos-juntos-o-nos-hundimos-juntos.html\" target=\"blank\">https:\/\/www.lavanguardia.com\/lacontra\/20170923\/431475216101\/o-navegamos-juntos-o-nos-hundimos-juntos.html <\/a><\/p><p>4. Arana Zaragoza, I. (<time class=\"created\" datetime=\"2025-09-04T06:00:00+02:00\">04\/09\/2025). <em>La Vanguardia.<\/em> <\/time>Una escuela de Zaragoza tiene la f\u00f3rmula del \u00e9xito. <a href=\"https:\/\/www.lavanguardia.com\/vida\/20250904\/11026666\/escuela-zaragoza-formula-exito.html\" target=\"_blank\" rel=\"noopener\">https:\/\/www.lavanguardia.com\/vida\/20250904\/11026666\/escuela-zaragoza-formula-exito.html<\/a><\/p><p>5. Planas Callol, M. (30\/11\/2025). <em>Ara<\/em>. Treballs en grup: la farsa en la qual nom\u00e9s treballen uns quants. <a href=\"https:\/\/diumenge.ara.cat\/diumenge\/treballs-grup-farsa-qual-nomes-treballen-quants_129_5573717.html\" target=\"_blank\" rel=\"noopener\">https:\/\/diumenge.ara.cat\/diumenge\/treballs-grup-farsa-qual-nomes-treballen-quants_129_5573717.html<\/a><\/p>\t\t\t\t\t\t\t\t<\/div>\n\t\t\t\t<\/div>\n\t\t\t\t<\/div>\n\t\t\t\t<\/div>\n\t\t\t\t\t<\/div>\n\t\t\t\t<\/div>\n\t\t\t\t<\/div>\n\t\t","protected":false},"excerpt":{"rendered":"<p>Bibliografia Obrasgenerales Tecnolog\u00eda&amp; IA Calidad Aprendizajeactivo Trabajocolaborativo Sobreprotecci\u00f3n Privacidad Equipos colaborativos \u00abO navegamos juntos o nos hundimos juntos\u00bb [3] 1. Pujol\u00e0s Maset, P. (2008). 9 ideas clave. El aprendizaje cooperativo. Editorial Gra\u00f3. 2. Johnson, DW. y Johnson, RT. (2014). La evaluaci\u00f3n en el aprendizaje cooperativo. C\u00f3mo mejorar la evaluaci\u00f3n individual a trav\u00e9s del grupo. Editorial [&hellip;]<\/p>\n","protected":false},"author":1,"featured_media":0,"parent":1380,"menu_order":0,"comment_status":"closed","ping_status":"closed","template":"","meta":{"footnotes":""},"class_list":["post-2402","page","type-page","status-publish","hentry"],"blocksy_meta":[],"_links":{"self":[{"href":"https:\/\/escolavirtual.cat\/es\/wp-json\/wp\/v2\/pages\/2402","targetHints":{"allow":["GET"]}}],"collection":[{"href":"https:\/\/escolavirtual.cat\/es\/wp-json\/wp\/v2\/pages"}],"about":[{"href":"https:\/\/escolavirtual.cat\/es\/wp-json\/wp\/v2\/types\/page"}],"author":[{"embeddable":true,"href":"https:\/\/escolavirtual.cat\/es\/wp-json\/wp\/v2\/users\/1"}],"replies":[{"embeddable":true,"href":"https:\/\/escolavirtual.cat\/es\/wp-json\/wp\/v2\/comments?post=2402"}],"version-history":[{"count":58,"href":"https:\/\/escolavirtual.cat\/es\/wp-json\/wp\/v2\/pages\/2402\/revisions"}],"predecessor-version":[{"id":5363,"href":"https:\/\/escolavirtual.cat\/es\/wp-json\/wp\/v2\/pages\/2402\/revisions\/5363"}],"up":[{"embeddable":true,"href":"https:\/\/escolavirtual.cat\/es\/wp-json\/wp\/v2\/pages\/1380"}],"wp:attachment":[{"href":"https:\/\/escolavirtual.cat\/es\/wp-json\/wp\/v2\/media?parent=2402"}],"curies":[{"name":"wp","href":"https:\/\/api.w.org\/{rel}","templated":true}]}}