{"id":2408,"date":"2025-07-21T11:46:53","date_gmt":"2025-07-21T09:46:53","guid":{"rendered":"https:\/\/escolavirtual.cat\/es\/?page_id=2408"},"modified":"2026-02-06T21:29:20","modified_gmt":"2026-02-06T19:29:20","slug":"sobreproteccion","status":"publish","type":"page","link":"https:\/\/escolavirtual.cat\/es\/referencias\/sobreproteccion\/","title":{"rendered":"<!sobreproteccion-->"},"content":{"rendered":"\t\t<div data-elementor-type=\"wp-page\" data-elementor-id=\"2408\" class=\"elementor elementor-2408\">\n\t\t\t\t<div class=\"elementor-element elementor-element-137e945 e-flex e-con-boxed e-con e-parent\" data-id=\"137e945\" data-element_type=\"container\" data-e-type=\"container\">\n\t\t\t\t\t<div class=\"e-con-inner\">\n\t\t<div class=\"elementor-element elementor-element-d7329c1 e-con-full e-flex e-con e-child\" data-id=\"d7329c1\" data-element_type=\"container\" data-e-type=\"container\">\n\t\t\t\t<div class=\"elementor-element elementor-element-f8c3040 elementor-widget elementor-widget-text-editor\" data-id=\"f8c3040\" data-element_type=\"widget\" data-e-type=\"widget\" data-widget_type=\"text-editor.default\">\n\t\t\t\t<div class=\"elementor-widget-container\">\n\t\t\t\t\t\t\t\t\t<h2><span style=\"color: #cc99ff;\">Bibliografia<\/span><\/h2>\t\t\t\t\t\t\t\t<\/div>\n\t\t\t\t<\/div>\n\t\t\t\t<\/div>\n\t\t<div class=\"elementor-element elementor-element-8fa2f7e e-con-full e-grid e-con e-child\" data-id=\"8fa2f7e\" data-element_type=\"container\" data-e-type=\"container\">\n\t\t\t\t<div class=\"elementor-element elementor-element-6b427a8 elementor-align-justify elementor-widget elementor-widget-button\" data-id=\"6b427a8\" data-element_type=\"widget\" data-e-type=\"widget\" data-widget_type=\"button.default\">\n\t\t\t\t<div class=\"elementor-widget-container\">\n\t\t\t\t\t\t\t\t\t<div class=\"elementor-button-wrapper\">\n\t\t\t\t\t<a class=\"elementor-button elementor-button-link elementor-size-sm\" href=\"https:\/\/escolavirtual.cat\/es\/referencias\/\">\n\t\t\t\t\t\t<span class=\"elementor-button-content-wrapper\">\n\t\t\t\t\t\t\t\t\t<span class=\"elementor-button-text\">Obras<br>generales<\/span>\n\t\t\t\t\t<\/span>\n\t\t\t\t\t<\/a>\n\t\t\t\t<\/div>\n\t\t\t\t\t\t\t\t<\/div>\n\t\t\t\t<\/div>\n\t\t\t\t<div class=\"elementor-element elementor-element-cf20352 elementor-align-justify elementor-widget elementor-widget-button\" data-id=\"cf20352\" data-element_type=\"widget\" data-e-type=\"widget\" data-widget_type=\"button.default\">\n\t\t\t\t<div class=\"elementor-widget-container\">\n\t\t\t\t\t\t\t\t\t<div class=\"elementor-button-wrapper\">\n\t\t\t\t\t<a class=\"elementor-button elementor-button-link elementor-size-sm\" href=\"https:\/\/escolavirtual.cat\/es\/referencias\/tecnologia\">\n\t\t\t\t\t\t<span class=\"elementor-button-content-wrapper\">\n\t\t\t\t\t\t\t\t\t<span class=\"elementor-button-text\">Tecnolog\u00eda<br>&amp; IA<\/span>\n\t\t\t\t\t<\/span>\n\t\t\t\t\t<\/a>\n\t\t\t\t<\/div>\n\t\t\t\t\t\t\t\t<\/div>\n\t\t\t\t<\/div>\n\t\t\t\t<div class=\"elementor-element elementor-element-225bbaa elementor-align-justify elementor-widget elementor-widget-button\" data-id=\"225bbaa\" data-element_type=\"widget\" data-e-type=\"widget\" data-widget_type=\"button.default\">\n\t\t\t\t<div class=\"elementor-widget-container\">\n\t\t\t\t\t\t\t\t\t<div class=\"elementor-button-wrapper\">\n\t\t\t\t\t<a class=\"elementor-button elementor-button-link elementor-size-sm\" href=\"https:\/\/escolavirtual.cat\/es\/referencias\/calidad\">\n\t\t\t\t\t\t<span class=\"elementor-button-content-wrapper\">\n\t\t\t\t\t\t\t\t\t<span class=\"elementor-button-text\">Calidad<\/span>\n\t\t\t\t\t<\/span>\n\t\t\t\t\t<\/a>\n\t\t\t\t<\/div>\n\t\t\t\t\t\t\t\t<\/div>\n\t\t\t\t<\/div>\n\t\t\t\t<div class=\"elementor-element elementor-element-a88ed2c elementor-align-center elementor-widget elementor-widget-button\" data-id=\"a88ed2c\" data-element_type=\"widget\" data-e-type=\"widget\" data-widget_type=\"button.default\">\n\t\t\t\t<div class=\"elementor-widget-container\">\n\t\t\t\t\t\t\t\t\t<div class=\"elementor-button-wrapper\">\n\t\t\t\t\t<a class=\"elementor-button elementor-button-link elementor-size-sm\" href=\"https:\/\/escolavirtual.cat\/es\/referencias\/aprendizaje\">\n\t\t\t\t\t\t<span class=\"elementor-button-content-wrapper\">\n\t\t\t\t\t\t\t\t\t<span class=\"elementor-button-text\">Aprendizaje<br>activo<\/span>\n\t\t\t\t\t<\/span>\n\t\t\t\t\t<\/a>\n\t\t\t\t<\/div>\n\t\t\t\t\t\t\t\t<\/div>\n\t\t\t\t<\/div>\n\t\t\t\t<div class=\"elementor-element elementor-element-9a7505d elementor-align-center elementor-widget elementor-widget-button\" data-id=\"9a7505d\" data-element_type=\"widget\" data-e-type=\"widget\" data-widget_type=\"button.default\">\n\t\t\t\t<div class=\"elementor-widget-container\">\n\t\t\t\t\t\t\t\t\t<div class=\"elementor-button-wrapper\">\n\t\t\t\t\t<a class=\"elementor-button elementor-button-link elementor-size-sm\" href=\"https:\/\/escolavirtual.cat\/es\/referencias\/trabajo\">\n\t\t\t\t\t\t<span class=\"elementor-button-content-wrapper\">\n\t\t\t\t\t\t\t\t\t<span class=\"elementor-button-text\">Trabajo<br>colaborativo<\/span>\n\t\t\t\t\t<\/span>\n\t\t\t\t\t<\/a>\n\t\t\t\t<\/div>\n\t\t\t\t\t\t\t\t<\/div>\n\t\t\t\t<\/div>\n\t\t\t\t<div class=\"elementor-element elementor-element-39ed209 elementor-align-justify elementor-widget elementor-widget-button\" data-id=\"39ed209\" data-element_type=\"widget\" data-e-type=\"widget\" data-widget_type=\"button.default\">\n\t\t\t\t<div class=\"elementor-widget-container\">\n\t\t\t\t\t\t\t\t\t<div class=\"elementor-button-wrapper\">\n\t\t\t\t\t<a class=\"elementor-button elementor-button-link elementor-size-sm\" href=\"https:\/\/escolavirtual.cat\/es\/referencias\/sobreproteccion\">\n\t\t\t\t\t\t<span class=\"elementor-button-content-wrapper\">\n\t\t\t\t\t\t\t\t\t<span class=\"elementor-button-text\">Sobreprotecci\u00f3n<\/span>\n\t\t\t\t\t<\/span>\n\t\t\t\t\t<\/a>\n\t\t\t\t<\/div>\n\t\t\t\t\t\t\t\t<\/div>\n\t\t\t\t<\/div>\n\t\t\t\t<div class=\"elementor-element elementor-element-2dba4db elementor-align-justify elementor-widget elementor-widget-button\" data-id=\"2dba4db\" data-element_type=\"widget\" data-e-type=\"widget\" data-widget_type=\"button.default\">\n\t\t\t\t<div class=\"elementor-widget-container\">\n\t\t\t\t\t\t\t\t\t<div class=\"elementor-button-wrapper\">\n\t\t\t\t\t<a class=\"elementor-button elementor-button-link elementor-size-sm\" href=\"https:\/\/escolavirtual.cat\/es\/referencias\/privacidad\">\n\t\t\t\t\t\t<span class=\"elementor-button-content-wrapper\">\n\t\t\t\t\t\t\t\t\t<span class=\"elementor-button-text\">Privacidad<\/span>\n\t\t\t\t\t<\/span>\n\t\t\t\t\t<\/a>\n\t\t\t\t<\/div>\n\t\t\t\t\t\t\t\t<\/div>\n\t\t\t\t<\/div>\n\t\t\t\t<\/div>\n\t\t<div class=\"elementor-element elementor-element-ca00f6e e-con-full e-flex e-con e-child\" data-id=\"ca00f6e\" data-element_type=\"container\" data-e-type=\"container\">\n\t\t<div class=\"elementor-element elementor-element-5202d9c e-con-full e-flex e-con e-child\" data-id=\"5202d9c\" data-element_type=\"container\" data-e-type=\"container\">\n\t\t\t\t<div class=\"elementor-element elementor-element-9d94a31 elementor-widget elementor-widget-heading\" data-id=\"9d94a31\" data-element_type=\"widget\" data-e-type=\"widget\" data-widget_type=\"heading.default\">\n\t\t\t\t<div class=\"elementor-widget-container\">\n\t\t\t\t\t<h2 class=\"elementor-heading-title elementor-size-default\">Alumnos sobreprotegidos<\/h2>\t\t\t\t<\/div>\n\t\t\t\t<\/div>\n\t\t\t\t<div class=\"elementor-element elementor-element-26c7b70 elementor-widget elementor-widget-heading\" data-id=\"26c7b70\" data-element_type=\"widget\" data-e-type=\"widget\" data-widget_type=\"heading.default\">\n\t\t\t\t<div class=\"elementor-widget-container\">\n\t\t\t\t\t<p class=\"elementor-heading-title elementor-size-default\">\"La sobreprotecci\u00f3n de los alumnos reduce sus capacidades\"<\/p>\t\t\t\t<\/div>\n\t\t\t\t<\/div>\n\t\t\t\t<div class=\"elementor-element elementor-element-39fdb9d elementor-widget elementor-widget-text-editor\" data-id=\"39fdb9d\" data-element_type=\"widget\" data-e-type=\"widget\" data-widget_type=\"text-editor.default\">\n\t\t\t\t<div class=\"elementor-widget-container\">\n\t\t\t\t\t\t\t\t\t<p>1.\u00a0 Luri, G. (06\/06\/2025). <em>Ara<\/em>. Matem\u00e0tiques i ortografia. <a href=\"https:\/\/www.ara.cat\/opinio\/matematiques-ortografia_129_5402861.html\" target=\"_blank\" rel=\"noopener\">https:\/\/www.ara.cat\/opinio\/matematiques-ortografia_129_5402861.html<\/a><\/p><p>2. Ametlla, M. (30\/04\/2025). <em>El Pa\u00eds<\/em>.\u00a0 Julio de la Iglesia, experto en gesti\u00f3n del miedo: \u201cLa sobreprotecci\u00f3n es el intento de evitar que los hijos sufran, pero impide que crezcan\u201d. <a href=\"https:\/\/elpais.com\/mamas-papas\/familia\/2025-04-30\/julio-de-la-iglesia-experto-en-gestion-del-miedo-la-sobreproteccion-es-el-intento-de-evitar-que-los-hijos-sufran-pero-impide-que-crezcan.html\" target=\"_blank\" rel=\"noopener\">https:\/\/elpais.com\/mamas-papas\/familia\/2025-04-30\/julio-de-la-iglesia-experto-en-gestion-del-miedo-la-sobreproteccion-es-el-intento-de-evitar-que-los-hijos-sufran-pero-impide-que-crezcan.html<\/a><\/p><p>3. Luri, G. (11\/04\/2025). <em>Ara<\/em>. Lloa del joc lliure&#8230; i arriscat. <a href=\"https:\/\/www.ara.cat\/opinio\/lloa-joc-lliure-arriscat_129_5344013.html\" target=\"_blank\" rel=\"noopener\">https:\/\/www.ara.cat\/opinio\/lloa-joc-lliure-arriscat_129_5344013.html<\/a><\/p><p>4. Bast\u00e9, J. (24\/03\/2025). <em>La Vanguardia.<\/em>\u00a0Adolescencia: nuestro error. <a href=\"https:\/\/www.lavanguardia.com\/opinion\/20250324\/10509549\/adolescencia-nuestro-error.html\" target=\"_blank\" rel=\"noopener\">https:\/\/www.lavanguardia.com\/opinion\/20250324\/10509549\/adolescencia-nuestro-error.html<\/a><\/p><p>5. Ferro, L. (11\/10\/2024) <em>La Vanguardia.<\/em> El aspirante a onc\u00f3logo que aprendi\u00f3 ingl\u00e9s viendo documentales de historia. <a href=\"https:\/\/www.lavanguardia.com\/vida\/20241006\/9995985\/jayvin-estudiante-oncologo-ingles-documentales.html\" target=\"_blank\" rel=\"noopener\">https:\/\/www.lavanguardia.com\/vida\/20241006\/9995985\/jayvin-estudiante-oncologo-ingles-documentales.html<\/a><\/p><p>6. Pereda, O. (28\/01\/2023). <em>El Peri\u00f3dico<\/em>. Gregorio Luri: \u00abLa sobreprotecci\u00f3n a los hijos es la peor forma de maltrato\u00bb. <a href=\"https:\/\/www.elperiodico.com\/es\/sociedad\/20230128\/gregorio-luri-sobreproteccion-hijos-peor-82074255\" target=\"_blank\" rel=\"noopener\">https:\/\/www.elperiodico.com\/es\/sociedad\/20230128\/gregorio-luri-sobreproteccion-hijos-peor-82074255<\/a><\/p><p>7. Pereda, O. (07\/09\/2024). <em>El Peri\u00f3dico.<\/em> La crisis de autoridad del profesorado: \u00abEn cada clase hay un 20% de chavales que te desaf\u00edan. <a href=\"https:\/\/www.elperiodico.com\/es\/sociedad\/20240907\/vuelta-cole-perdida-autoridad-profesores-107772447\" target=\"_blank\" rel=\"noopener\">https:\/\/www.elperiodico.com\/es\/sociedad\/20240907\/vuelta-cole-perdida-autoridad-profesores-107772447<\/a><\/p><p>8. Pereda, O. (25\/05\/24) Andrea de Carlos Buj\u00e1n, profesora universitaria: \u00abUn profesor quemado y amargado ni vive ni deja vivir a los alumnos\u00bb. <a href=\"https:\/\/www.elperiodico.com\/es\/sociedad\/20240525\/humor-resiliencia-motor-aprendizaje-tesis-doctoral-andrea-carlos-entrevista-102685378\" target=\"_blank\" rel=\"noopener\">https:\/\/www.elperiodico.com\/es\/sociedad\/20240525\/humor-resiliencia-motor-aprendizaje-tesis-doctoral-andrea-carlos-entrevista-102685378<\/a><\/p><p>9. Pereda, O. (25\/05\/2024). <em>El Peri\u00f3dico.<\/em> La hiperpaternidad: un problema m\u00e1s de la educaci\u00f3n del siglo XXI. <a href=\"https:\/\/www.elperiodico.com\/es\/sociedad\/20240525\/hiperpaternidad-problema-educacion-siglo-xxi-118160492\" target=\"_blank\" rel=\"noopener\">https:\/\/www.elperiodico.com\/es\/sociedad\/20240525\/hiperpaternidad-problema-educacion-siglo-xxi-118160492<\/a><\/p><p>10. Card\u00fas, S. (19\/06\/2024). Ara. Un xiuxiueig que no se sent ni s\u2019escolta. <a href=\"https:\/\/www.ara.cat\/opinio\/xiuxiueig-no-sent-escolta_129_5065188.html\" target=\"_blank\" rel=\"noopener\">https:\/\/www.ara.cat\/opinio\/xiuxiueig-no-sent-escolta_129_5065188.html<\/a><\/p><p>11. S\u00e1ez Mateu, F. (19\/12\/2023). Ara. Educaci\u00f3: un frac\u00e0s previst el 1979. <a href=\"https:\/\/www.ara.cat\/opinio\/educacio-fracas-previst-1979_129_4890185.html\" target=\"_blank\" rel=\"noopener\">https:\/\/www.ara.cat\/opinio\/educacio-fracas-previst-1979_129_4890185.html<\/a><\/p><p>12. Juan, J. (18\/12\/2023). La Vanguardia. Sobreprotecci\u00f3n infantil.<a href=\"https:\/\/www.lavanguardia.com\/opinion\/20231218\/9460025\/sobreproteccion-infantil.html\" target=\"_blank\" rel=\"noopener\"> https:\/\/www.lavanguardia.com\/opinion\/20231218\/9460025\/sobreproteccion-infantil.html<\/a><\/p><p>13. Ramon, N. (23\/06\/2023). <em>Arabalears.cat<\/em>. La generaci\u00f3 de vidre arriba a les PBAU. <a href=\"https:\/\/www.arabalears.cat\/opinio\/generacio-vidre-pbau-nanda-ramon_129_4736885.html\" target=\"_blank\" rel=\"noopener\">https:\/\/www.arabalears.cat\/opinio\/generacio-vidre-pbau-nanda-ramon_129_4736885.html<\/a><\/p><p>14. Fajardo Mart\u00edn, C. (23\/06\/2023). <em>Ara. Llegim.<\/em> Antonina Canyelles: \u00abArribar\u00e0 un moment que tindr\u00e0s el batxillerat i ser\u00e0s un ignorant\u00bb. <a href=\"https:\/\/llegim.ara.cat\/entrevistes\/arribara-moment-tindras-batxillerat-seras-ignorant_128_4735750.html\" target=\"_blank\" rel=\"noopener\">https:\/\/llegim.ara.cat\/entrevistes\/arribara-moment-tindras-batxillerat-seras-ignorant_128_4735750.html<\/a><\/p><p>15. Urrero, G. (23\/01\/2023). <em>The Objective<\/em>. Gregorio Luri: \u00abLa escuela est\u00e1 educando en el miedo al futuro\u00bb. <a href=\"https:\/\/theobjective.com\/cultura\/2023-01-23\/gregorio-luri-entrevista-escuela-miedo\/\" target=\"_blank\" rel=\"noopener\">https:\/\/theobjective.com\/cultura\/2023-01-23\/gregorio-luri-entrevista-escuela-miedo\/<\/a><\/p><p>16. L\u00f3pez Iglesias, S. (04\/10\/2023). <em>El Pa\u00eds.<\/em> La sobreprotecci\u00f3n en la adolescencia cr\u00eda hijos cobardes y pasivos.<a href=\"https:\/\/elpais.com\/mamas-papas\/expertos\/2023-10-04\/la-sobreproteccion-en-la-adolescencia-cria-hijos-cobardes-y-pasivos.html\" target=\"_blank\" rel=\"noopener\"> https:\/\/elpais.com\/mamas-papas\/expertos\/2023-10-04\/la-sobreproteccion-en-la-adolescencia-cria-hijos-cobardes-y-pasivos.html<\/a><\/p><p>17. Gerrero, R. (27\/01\/2021). <em>El Pa\u00eds<\/em>. No, la sobreprotecci\u00f3n no implica proteger exageradamente.<a href=\"https:\/\/elpais.com\/mamas-papas\/2021-01-27\/no-la-sobreproteccion-no-implica-proteger-exageradamente.html\" target=\"_blank\" rel=\"noopener\"> https:\/\/elpais.com\/mamas-papas\/2021-01-27\/no-la-sobreproteccion-no-implica-proteger-exageradamente.html<\/a><\/p><p>18. L\u00f3pez Iglesias, S. (10\/09\/2022). <em>El Pa\u00eds.<\/em> Padres sobreprotectores o el riesgo de criar hijos inseguros, miedosos y dependientes. <a href=\"https:\/\/elpais.com\/mamas-papas\/expertos\/2022-09-10\/padres-sobreprotectores-o-el-riesgo-de-criar-hijos-inseguros-miedosos-y-dependientes.html\" target=\"_blank\" rel=\"noopener\">https:\/\/elpais.com\/mamas-papas\/expertos\/2022-09-10\/padres-sobreprotectores-o-el-riesgo-de-criar-hijos-inseguros-miedosos-y-dependientes.html<\/a><\/p><p>19. Cladera Mas, J.(03\/07\/2025). <em>Ara Balears<\/em>. La meitat de les agressions a docents les cometen les fam\u00edlies. <a href=\"https:\/\/www.arabalears.cat\/educacio\/meitat-agressions-docents-cometen-families_1_5430516.html\" target=\"_blank\" rel=\"noopener\">https:\/\/www.arabalears.cat\/educacio\/meitat-agressions-docents-cometen-families_1_5430516.html<\/a><\/p><p>20. Ferragut, M. (03\/07\/2011). <em>Diario de Mallorca.<\/em> Hay j\u00f3venes que tienen a sus padres totalmente esclavizados.<a href=\"https:\/\/www.diariodemallorca.es\/mallorca\/2011\/07\/03\/hay-jovenes-padres-totalmente-esclavizados-4041727.html\" target=\"_blank\" rel=\"noopener\"> https:\/\/www.diariodemallorca.es\/mallorca\/2011\/07\/03\/hay-jovenes-padres-totalmente-esclavizados-4041727.html<\/a><\/p><p class=\"a_t\">21. Sanz Mora, J. (15\/01\/2023). <em>El Pa\u00eds.<\/em> Diseccionando la generaci\u00f3n de cristal: \u00bflos adolescentes de ahora son m\u00e1s fr\u00e1giles que sus padres y abuelos a su edad? <a href=\"https:\/\/elpais.com\/mamas-papas\/2023-01-15\/diseccionando-la-generacion-de-cristal-son-los-adolescentes-de-ahora-mas-fragiles-de-lo-que-lo-fueron-sus-padres-y-abuelos.html\" target=\"_blank\" rel=\"noopener\">https:\/\/elpais.com\/mamas-papas\/2023-01-15\/diseccionando-la-generacion-de-cristal-son-los-adolescentes-de-ahora-mas-fragiles-de-lo-que-lo-fueron-sus-padres-y-abuelos.html<\/a><\/p><p class=\"title\"><span class=\"interviewed\">22. Orteu, F. (02\/09\/2025). <em>Ara. <\/em>Ester Invernon: <\/span> \u00abLa sobreprotecci\u00f3 s&#8217;acabar\u00e0 considerant una manera de maltractament. <a href=\"https:\/\/criatures.ara.cat\/familia\/sobreproteccio-s-acabara-considerant-manera-maltractament_128_5458173.html\" target=\"_blank\" rel=\"noopener\">https:\/\/criatures.ara.cat\/familia\/sobreproteccio-s-acabara-considerant-manera-maltractament_128_5458173.html<\/a><\/p><p>23. Ferro, L. (30\/09\/25). <em>La Vanguardia.<\/em> Sonia L\u00f3pez Iglesias, psicopedagoga: \u201cSobreproteger a un adolescente es desprotegerlo\u201d. <a href=\"https:\/\/www.lavanguardia.com\/vivo\/psicologia-salud-mental\/20250930\/11095570\/sobreprotger-adolescente-desprotgerlo-salud-mental.html\" target=\"_blank\" rel=\"noopener\">https:\/\/www.lavanguardia.com\/vivo\/psicologia-salud-mental\/20250930\/11095570\/sobreprotger-adolescente-desprotgerlo-salud-mental.html<\/a><\/p><p>24. <span class=\"a_md_a_n\">S\u00e1nchez Gento<\/span>, M. (23\/10\/25) <em>El Pa\u00eds.<\/em> Un cartel en la Universidad de Granada agita el debate de la sobreprotecci\u00f3n: \u201cNo atiende a padres. El alumnado es mayor de edad.\u00a0<a href=\"https:\/\/elpais.com\/educacion\/2025-10-23\/un-cartel-en-la-universidad-de-granada-agita-el-debate-de-la-sobreproteccion-no-atiende-a-padres-el-alumnado-es-mayor-de-edad.html\" target=\"_blank\" rel=\"noopener\">https:\/\/elpais.com\/educacion\/2025-10-23\/un-cartel-en-la-universidad-de-granada-agita-el-debate-de-la-sobreproteccion-no-atiende-a-padres-el-alumnado-es-mayor-de-edad.html<\/a><\/p><p>25. Ramon, N. (21\/01\/26). Arabalears. Pares helic\u00f2pter i infants sense l\u00edmits: el m\u00f3n del \u2018Planeta jo\u2019. <a href=\"https:\/\/www.arabalears.cat\/opinio\/planeta-nanda-ramon_129_5617464.html\" target=\"_blank\" rel=\"noopener\">https:\/\/www.arabalears.cat\/opinio\/planeta-nanda-ramon_129_5617464.html<\/a><\/p><p>26. Aragay, I. (06\/02\/2026). Ara. Francesco Tonucci: \u00abUn infant no se su\u00efcida, un adolescent s\u00ed\u00bb.\u00a0 <a href=\"https:\/\/www.ara.cat\/opinio\/francesco-tonucci-infant-no-suicida-adolescent_129_5640027.html\" target=\"_blank\" rel=\"noopener\">https:\/\/www.ara.cat\/opinio\/francesco-tonucci-infant-no-suicida-adolescent_129_5640027.html<\/a><\/p>\t\t\t\t\t\t\t\t<\/div>\n\t\t\t\t<\/div>\n\t\t\t\t<\/div>\n\t\t\t\t<\/div>\n\t\t\t\t\t<\/div>\n\t\t\t\t<\/div>\n\t\t\t\t<\/div>\n\t\t","protected":false},"excerpt":{"rendered":"<p>Bibliografia Obrasgenerales Tecnolog\u00eda&amp; IA Calidad Aprendizajeactivo Trabajocolaborativo Sobreprotecci\u00f3n Privacidad Alumnos sobreprotegidos \u00abLa sobreprotecci\u00f3n de los alumnos reduce sus capacidades\u00bb 1.\u00a0 Luri, G. (06\/06\/2025). Ara. Matem\u00e0tiques i ortografia. https:\/\/www.ara.cat\/opinio\/matematiques-ortografia_129_5402861.html 2. Ametlla, M. (30\/04\/2025). El Pa\u00eds.\u00a0 Julio de la Iglesia, experto en gesti\u00f3n del miedo: \u201cLa sobreprotecci\u00f3n es el intento de evitar que los hijos sufran, pero [&hellip;]<\/p>\n","protected":false},"author":1,"featured_media":0,"parent":1380,"menu_order":0,"comment_status":"closed","ping_status":"closed","template":"","meta":{"footnotes":""},"class_list":["post-2408","page","type-page","status-publish","hentry"],"blocksy_meta":[],"_links":{"self":[{"href":"https:\/\/escolavirtual.cat\/es\/wp-json\/wp\/v2\/pages\/2408","targetHints":{"allow":["GET"]}}],"collection":[{"href":"https:\/\/escolavirtual.cat\/es\/wp-json\/wp\/v2\/pages"}],"about":[{"href":"https:\/\/escolavirtual.cat\/es\/wp-json\/wp\/v2\/types\/page"}],"author":[{"embeddable":true,"href":"https:\/\/escolavirtual.cat\/es\/wp-json\/wp\/v2\/users\/1"}],"replies":[{"embeddable":true,"href":"https:\/\/escolavirtual.cat\/es\/wp-json\/wp\/v2\/comments?post=2408"}],"version-history":[{"count":65,"href":"https:\/\/escolavirtual.cat\/es\/wp-json\/wp\/v2\/pages\/2408\/revisions"}],"predecessor-version":[{"id":5410,"href":"https:\/\/escolavirtual.cat\/es\/wp-json\/wp\/v2\/pages\/2408\/revisions\/5410"}],"up":[{"embeddable":true,"href":"https:\/\/escolavirtual.cat\/es\/wp-json\/wp\/v2\/pages\/1380"}],"wp:attachment":[{"href":"https:\/\/escolavirtual.cat\/es\/wp-json\/wp\/v2\/media?parent=2408"}],"curies":[{"name":"wp","href":"https:\/\/api.w.org\/{rel}","templated":true}]}}