{"id":2414,"date":"2025-07-21T11:48:10","date_gmt":"2025-07-21T09:48:10","guid":{"rendered":"https:\/\/escolavirtual.cat\/es\/?page_id=2414"},"modified":"2025-11-25T19:43:37","modified_gmt":"2025-11-25T17:43:37","slug":"privacidad","status":"publish","type":"page","link":"https:\/\/escolavirtual.cat\/es\/referencias\/privacidad\/","title":{"rendered":"<!privacidad-->"},"content":{"rendered":"\t\t<div data-elementor-type=\"wp-page\" data-elementor-id=\"2414\" class=\"elementor elementor-2414\">\n\t\t\t\t<div class=\"elementor-element elementor-element-aaa8729 e-flex e-con-boxed e-con e-parent\" data-id=\"aaa8729\" data-element_type=\"container\" data-e-type=\"container\">\n\t\t\t\t\t<div class=\"e-con-inner\">\n\t\t<div class=\"elementor-element elementor-element-fdd7edc e-con-full e-flex e-con e-child\" data-id=\"fdd7edc\" data-element_type=\"container\" data-e-type=\"container\">\n\t\t\t\t<div class=\"elementor-element elementor-element-e90252d elementor-widget elementor-widget-text-editor\" data-id=\"e90252d\" data-element_type=\"widget\" data-e-type=\"widget\" data-widget_type=\"text-editor.default\">\n\t\t\t\t<div class=\"elementor-widget-container\">\n\t\t\t\t\t\t\t\t\t<h2><span style=\"color: #cc99ff;\">Bibliografia<\/span><\/h2>\t\t\t\t\t\t\t\t<\/div>\n\t\t\t\t<\/div>\n\t\t\t\t<\/div>\n\t\t<div class=\"elementor-element elementor-element-b045d05 e-con-full e-grid e-con e-child\" data-id=\"b045d05\" data-element_type=\"container\" data-e-type=\"container\">\n\t\t\t\t<div class=\"elementor-element elementor-element-ed6bc0a elementor-align-justify elementor-widget elementor-widget-button\" data-id=\"ed6bc0a\" data-element_type=\"widget\" data-e-type=\"widget\" data-widget_type=\"button.default\">\n\t\t\t\t<div class=\"elementor-widget-container\">\n\t\t\t\t\t\t\t\t\t<div class=\"elementor-button-wrapper\">\n\t\t\t\t\t<a class=\"elementor-button elementor-button-link elementor-size-sm\" href=\"https:\/\/escolavirtual.cat\/es\/referencias\/\">\n\t\t\t\t\t\t<span class=\"elementor-button-content-wrapper\">\n\t\t\t\t\t\t\t\t\t<span class=\"elementor-button-text\">Obras<br>generales<\/span>\n\t\t\t\t\t<\/span>\n\t\t\t\t\t<\/a>\n\t\t\t\t<\/div>\n\t\t\t\t\t\t\t\t<\/div>\n\t\t\t\t<\/div>\n\t\t\t\t<div class=\"elementor-element elementor-element-f2d4449 elementor-align-justify elementor-widget elementor-widget-button\" data-id=\"f2d4449\" data-element_type=\"widget\" data-e-type=\"widget\" data-widget_type=\"button.default\">\n\t\t\t\t<div class=\"elementor-widget-container\">\n\t\t\t\t\t\t\t\t\t<div class=\"elementor-button-wrapper\">\n\t\t\t\t\t<a class=\"elementor-button elementor-button-link elementor-size-sm\" href=\"https:\/\/escolavirtual.cat\/es\/referencias\/tecnologia\">\n\t\t\t\t\t\t<span class=\"elementor-button-content-wrapper\">\n\t\t\t\t\t\t\t\t\t<span class=\"elementor-button-text\">Tecnolog\u00eda<br>&amp; IA<\/span>\n\t\t\t\t\t<\/span>\n\t\t\t\t\t<\/a>\n\t\t\t\t<\/div>\n\t\t\t\t\t\t\t\t<\/div>\n\t\t\t\t<\/div>\n\t\t\t\t<div class=\"elementor-element elementor-element-9aa2297 elementor-align-justify elementor-widget elementor-widget-button\" data-id=\"9aa2297\" data-element_type=\"widget\" data-e-type=\"widget\" data-widget_type=\"button.default\">\n\t\t\t\t<div class=\"elementor-widget-container\">\n\t\t\t\t\t\t\t\t\t<div class=\"elementor-button-wrapper\">\n\t\t\t\t\t<a class=\"elementor-button elementor-button-link elementor-size-sm\" href=\"https:\/\/escolavirtual.cat\/es\/referencias\/calidad\">\n\t\t\t\t\t\t<span class=\"elementor-button-content-wrapper\">\n\t\t\t\t\t\t\t\t\t<span class=\"elementor-button-text\">Calidad<\/span>\n\t\t\t\t\t<\/span>\n\t\t\t\t\t<\/a>\n\t\t\t\t<\/div>\n\t\t\t\t\t\t\t\t<\/div>\n\t\t\t\t<\/div>\n\t\t\t\t<div class=\"elementor-element elementor-element-583cf42 elementor-align-center elementor-widget elementor-widget-button\" data-id=\"583cf42\" data-element_type=\"widget\" data-e-type=\"widget\" data-widget_type=\"button.default\">\n\t\t\t\t<div class=\"elementor-widget-container\">\n\t\t\t\t\t\t\t\t\t<div class=\"elementor-button-wrapper\">\n\t\t\t\t\t<a class=\"elementor-button elementor-button-link elementor-size-sm\" href=\"https:\/\/escolavirtual.cat\/es\/referencias\/aprendizaje\">\n\t\t\t\t\t\t<span class=\"elementor-button-content-wrapper\">\n\t\t\t\t\t\t\t\t\t<span class=\"elementor-button-text\">Aprendizaje<br>activo<\/span>\n\t\t\t\t\t<\/span>\n\t\t\t\t\t<\/a>\n\t\t\t\t<\/div>\n\t\t\t\t\t\t\t\t<\/div>\n\t\t\t\t<\/div>\n\t\t\t\t<div class=\"elementor-element elementor-element-53b99f6 elementor-align-center elementor-widget elementor-widget-button\" data-id=\"53b99f6\" data-element_type=\"widget\" data-e-type=\"widget\" data-widget_type=\"button.default\">\n\t\t\t\t<div class=\"elementor-widget-container\">\n\t\t\t\t\t\t\t\t\t<div class=\"elementor-button-wrapper\">\n\t\t\t\t\t<a class=\"elementor-button elementor-button-link elementor-size-sm\" href=\"https:\/\/escolavirtual.cat\/es\/referencias\/trabajo\">\n\t\t\t\t\t\t<span class=\"elementor-button-content-wrapper\">\n\t\t\t\t\t\t\t\t\t<span class=\"elementor-button-text\">Trabajo<br>colaborativo<\/span>\n\t\t\t\t\t<\/span>\n\t\t\t\t\t<\/a>\n\t\t\t\t<\/div>\n\t\t\t\t\t\t\t\t<\/div>\n\t\t\t\t<\/div>\n\t\t\t\t<div class=\"elementor-element elementor-element-fe53d9d elementor-align-justify elementor-widget elementor-widget-button\" data-id=\"fe53d9d\" data-element_type=\"widget\" data-e-type=\"widget\" data-widget_type=\"button.default\">\n\t\t\t\t<div class=\"elementor-widget-container\">\n\t\t\t\t\t\t\t\t\t<div class=\"elementor-button-wrapper\">\n\t\t\t\t\t<a class=\"elementor-button elementor-button-link elementor-size-sm\" href=\"https:\/\/escolavirtual.cat\/es\/referencias\/sobreproteccion\">\n\t\t\t\t\t\t<span class=\"elementor-button-content-wrapper\">\n\t\t\t\t\t\t\t\t\t<span class=\"elementor-button-text\">Sobreprotecci\u00f3n<\/span>\n\t\t\t\t\t<\/span>\n\t\t\t\t\t<\/a>\n\t\t\t\t<\/div>\n\t\t\t\t\t\t\t\t<\/div>\n\t\t\t\t<\/div>\n\t\t\t\t<div class=\"elementor-element elementor-element-f65114c elementor-align-justify elementor-widget elementor-widget-button\" data-id=\"f65114c\" data-element_type=\"widget\" data-e-type=\"widget\" data-widget_type=\"button.default\">\n\t\t\t\t<div class=\"elementor-widget-container\">\n\t\t\t\t\t\t\t\t\t<div class=\"elementor-button-wrapper\">\n\t\t\t\t\t<a class=\"elementor-button elementor-button-link elementor-size-sm\" href=\"https:\/\/escolavirtual.cat\/es\/referencias\/privacidad\">\n\t\t\t\t\t\t<span class=\"elementor-button-content-wrapper\">\n\t\t\t\t\t\t\t\t\t<span class=\"elementor-button-text\">Privacidad<\/span>\n\t\t\t\t\t<\/span>\n\t\t\t\t\t<\/a>\n\t\t\t\t<\/div>\n\t\t\t\t\t\t\t\t<\/div>\n\t\t\t\t<\/div>\n\t\t\t\t<\/div>\n\t\t<div class=\"elementor-element elementor-element-d207ecc e-con-full e-flex e-con e-child\" data-id=\"d207ecc\" data-element_type=\"container\" data-e-type=\"container\">\n\t\t<div class=\"elementor-element elementor-element-2f1dd38 e-con-full e-flex e-con e-child\" data-id=\"2f1dd38\" data-element_type=\"container\" data-e-type=\"container\">\n\t\t\t\t<div class=\"elementor-element elementor-element-aa02b7f elementor-widget elementor-widget-heading\" data-id=\"aa02b7f\" data-element_type=\"widget\" data-e-type=\"widget\" data-widget_type=\"heading.default\">\n\t\t\t\t<div class=\"elementor-widget-container\">\n\t\t\t\t\t<h2 class=\"elementor-heading-title elementor-size-default\">Privacidad<\/h2>\t\t\t\t<\/div>\n\t\t\t\t<\/div>\n\t\t\t\t<div class=\"elementor-element elementor-element-3ebe46d elementor-widget elementor-widget-heading\" data-id=\"3ebe46d\" data-element_type=\"widget\" data-e-type=\"widget\" data-widget_type=\"heading.default\">\n\t\t\t\t<div class=\"elementor-widget-container\">\n\t\t\t\t\t<p class=\"elementor-heading-title elementor-size-default\">\"Soy funcionario p\u00fablico, y como funcionario p\u00fablico no puedo promover, ni aceptar en una instituci\u00f3n p\u00fablica, el uso de herramientas [IA] que se han construido de forma delictiva, intencionada, usufructuando la propiedad intelectual de terceros, y por tanto, yo jam\u00e1s las utilizar\u00eda y las desaconsejo en las instituciones p\u00fablicas\".  <sub>Ulises Cort\u00e9s<sup>[4]<\/sup><\/sub><\/p>\t\t\t\t<\/div>\n\t\t\t\t<\/div>\n\t\t\t\t<div class=\"elementor-element elementor-element-981c899 elementor-widget elementor-widget-text-editor\" data-id=\"981c899\" data-element_type=\"widget\" data-e-type=\"widget\" data-widget_type=\"text-editor.default\">\n\t\t\t\t<div class=\"elementor-widget-container\">\n\t\t\t\t\t\t\t\t\t<p>1. Franco, M. G. (2024). <em>Las redes son nuestras.<\/em> Editorial Consonni.<\/p><p>2. Zuboff, S. (2020). <em>La era del capitalismo de la vigilancia.<\/em> Paid\u00f3s.<\/p><p>3. V\u00e9liz, C. (2021). <em>Privacidad es poder. Datos, vigilancia y libertad en la era digital.<\/em> Debate.<\/p><p>4. Cort\u00e9s, U.Mart\u00ednez M.,L. y Casals, J. (25\/10\/2024). Escola Europea d&#8217;Humanitats Festival de les humanitats de D\u00e8nia. <em>Los l\u00edmites de la ciencia<\/em>. <a href=\"https:\/\/www.youtube.com\/watch?v=m7lR8Vaix70\">https:\/\/www.youtube.com\/watch?v=m7lR8Vaix70<\/a> (1:23:56)<\/p><p class=\"western\">5. Peirano, M. (04\/07\/2025) <em>El Pais.<\/em> Controlados por los datos. <a href=\"https:\/\/elpais.com\/eps\/2025-07-05\/controlados-por-los-datos.html\">https:\/\/elpais.com\/eps\/2025-07-05\/controlados-por-los-datos.html.<\/a><\/p><p class=\"a_t\">6. Peirano, M. (16\/06\/2025) <em>El Pais.<\/em> ChatGPT, ese agente ruso. <a href=\"https:\/\/elpais.com\/opinion\/2025-06-16\/chatgpt-ese-agente-ruso.html\">https:\/\/elpais.com\/opinion\/2025-06-16\/chatgpt-ese-agente-ruso.html<\/a><\/p><p>7. Peirano, M. (10\/02\/2025) <em>El Pais.<\/em> DeepSeek te esp\u00eda y las otras tambi\u00e9n. <a href=\"https:\/\/elpais.com\/opinion\/2025-02-10\/deepseek-te-espia-y-las-otras-tambien.html\">https:\/\/elpais.com\/opinion\/2025-02-10\/deepseek-te-espia-y-las-otras-tambien.html<\/a><\/p><p>8. EFE. (17\/07\/2025). <em>P\u00fablico<\/em>. Comienza el juicio contra Zuckerberg por recopilar datos de usuarios de Facebook sin permiso. <a href=\"https:\/\/www.publico.es\/internacional\/comienza-juicio-zuckerberg-recopilar-datos-usuarios-facebook-permiso.html\" target=\"_blank\" rel=\"noopener\">https:\/\/www.publico.es\/internacional\/comienza-juicio-zuckerberg-recopilar-datos-usuarios-facebook-permiso.html<\/a><\/p><p>9. Harry Davies \/ Yuval Abraham (06\/08\/2025). <em>elDiario.es<\/em>.&amp; <em>The Guardian.<\/em> Un mill\u00f3n de llamadas por hora\u201d: el papel de Microsoft en el espionaje masivo de Israel a los palestinos.<a href=\"https:\/\/www.eldiario.es\/internacional\/theguardian\/millon-llamadas-hora-microsoft-ayuda-israel-almacenar-datos-espionaje-masivo-palestinos_1_12517926.html\" target=\"_blank\" rel=\"noopener\"> https:\/\/www.eldiario.es\/internacional\/theguardian\/millon-llamadas-hora-microsoft-ayuda-israel-almacenar-datos-espionaje-masivo-palestinos_1_12517926.html<\/a><\/p><p>10. Medina M. A, Pascual, M.G. (19\/09\/25). <em>El Pa\u00eds.<\/em> Los coches nuevos recopilan informaci\u00f3n sensible de los conductores y ponen en riesgo su privacidad. <a href=\"https:\/\/elpais.com\/sociedad\/2025-09-19\/los-coches-nuevos-recopilan-informacion-sensible-de-los-conductores-y-ponen-en-riesgo-su-privacidad.html\" target=\"_blank\" rel=\"noopener\">https:\/\/elpais.com\/sociedad\/2025-09-19\/los-coches-nuevos-recopilan-informacion-sensible-de-los-conductores-y-ponen-en-riesgo-su-privacidad.html<\/a><\/p><p>11. Peirano, M. (19\/11\/2025). <em>El Pa\u00eds.<\/em> La Comisi\u00f3n Europea quiere debilitar la protecci\u00f3n de datos. <a href=\"https:\/\/elpais.com\/opinion\/2025-11-19\/la-comision-europea-quiere-debilitar-la-proteccion-de-datos.html\" target=\"_blank\" rel=\"noopener\">https:\/\/elpais.com\/opinion\/2025-11-19\/la-comision-europea-quiere-debilitar-la-proteccion-de-datos.html<\/a><\/p><p>12. Petit, Q. (20\/11\/2025). <em>El Pa\u00eds.<\/em> Meta, condenada a pagar 542 millones de euros a medios espa\u00f1oles por competencia desleal. <a href=\"https:\/\/elpais.com\/comunicacion\/2025-11-20\/meta-condenada-a-pagar-542-millones-de-euros-a-medios-espanoles-por-competencia-desleal.html\" target=\"_blank\" rel=\"noopener\">https:\/\/elpais.com\/comunicacion\/2025-11-20\/meta-condenada-a-pagar-542-millones-de-euros-a-medios-espanoles-por-competencia-desleal.html<\/a><\/p><p>13. Breton, T. (18\/11\/2025). <em>El Pa\u00eds.<\/em> Soberan\u00eda digital europea: cuando hay que actuar con valent\u00eda. <a href=\"https:\/\/elpais.com\/opinion\/2025-11-18\/soberania-digital-europea-cuando-hay-que-actuar-con-valentia.html\" target=\"_blank\" rel=\"noopener\">https:\/\/elpais.com\/opinion\/2025-11-18\/soberania-digital-europea-cuando-hay-que-actuar-con-valentia.html<\/a><\/p><p>14.\u00a0 Buj, Anna. (20\/11\/2025). <em>La Vanguardia.<\/em> La UE suavitza normes sobre IA per la pressi\u00f3 de les grans tecnol\u00f2giques. <a href=\"https:\/\/www.lavanguardia.com\/encatala\/20251120\/11282796\/ue-suavitza-normes-sobre-ia-per-pressio-les-grans-tecnologiques.html\" target=\"_blank\" rel=\"noopener\">https:\/\/www.lavanguardia.com\/encatala\/20251120\/11282796\/ue-suavitza-normes-sobre-ia-per-pressio-les-grans-tecnologiques.html<\/a><\/p>\t\t\t\t\t\t\t\t<\/div>\n\t\t\t\t<\/div>\n\t\t\t\t<\/div>\n\t\t\t\t<\/div>\n\t\t\t\t\t<\/div>\n\t\t\t\t<\/div>\n\t\t\t\t<\/div>\n\t\t","protected":false},"excerpt":{"rendered":"<p>Bibliografia Obrasgenerales Tecnolog\u00eda&amp; IA Calidad Aprendizajeactivo Trabajocolaborativo Sobreprotecci\u00f3n Privacidad Privacidad \u00abSoy funcionario p\u00fablico, y como funcionario p\u00fablico no puedo promover, ni aceptar en una instituci\u00f3n p\u00fablica, el uso de herramientas [IA] que se han construido de forma delictiva, intencionada, usufructuando la propiedad intelectual de terceros, y por tanto, yo jam\u00e1s las utilizar\u00eda y las desaconsejo [&hellip;]<\/p>\n","protected":false},"author":1,"featured_media":0,"parent":1380,"menu_order":0,"comment_status":"closed","ping_status":"closed","template":"","meta":{"footnotes":""},"class_list":["post-2414","page","type-page","status-publish","hentry"],"blocksy_meta":[],"_links":{"self":[{"href":"https:\/\/escolavirtual.cat\/es\/wp-json\/wp\/v2\/pages\/2414","targetHints":{"allow":["GET"]}}],"collection":[{"href":"https:\/\/escolavirtual.cat\/es\/wp-json\/wp\/v2\/pages"}],"about":[{"href":"https:\/\/escolavirtual.cat\/es\/wp-json\/wp\/v2\/types\/page"}],"author":[{"embeddable":true,"href":"https:\/\/escolavirtual.cat\/es\/wp-json\/wp\/v2\/users\/1"}],"replies":[{"embeddable":true,"href":"https:\/\/escolavirtual.cat\/es\/wp-json\/wp\/v2\/comments?post=2414"}],"version-history":[{"count":80,"href":"https:\/\/escolavirtual.cat\/es\/wp-json\/wp\/v2\/pages\/2414\/revisions"}],"predecessor-version":[{"id":5344,"href":"https:\/\/escolavirtual.cat\/es\/wp-json\/wp\/v2\/pages\/2414\/revisions\/5344"}],"up":[{"embeddable":true,"href":"https:\/\/escolavirtual.cat\/es\/wp-json\/wp\/v2\/pages\/1380"}],"wp:attachment":[{"href":"https:\/\/escolavirtual.cat\/es\/wp-json\/wp\/v2\/media?parent=2414"}],"curies":[{"name":"wp","href":"https:\/\/api.w.org\/{rel}","templated":true}]}}