{"id":873,"date":"2025-05-21T15:04:53","date_gmt":"2025-05-21T13:04:53","guid":{"rendered":"https:\/\/escolavirtual.cat\/es\/?page_id=873"},"modified":"2025-08-18T19:40:49","modified_gmt":"2025-08-18T17:40:49","slug":"participa","status":"publish","type":"page","link":"https:\/\/escolavirtual.cat\/es\/participa\/","title":{"rendered":"<!participa-->"},"content":{"rendered":"\t\t<div data-elementor-type=\"wp-page\" data-elementor-id=\"873\" class=\"elementor elementor-873\">\n\t\t\t\t<div class=\"elementor-element elementor-element-84bd4fa e-flex e-con-boxed e-con e-parent\" data-id=\"84bd4fa\" data-element_type=\"container\" data-e-type=\"container\">\n\t\t\t\t\t<div class=\"e-con-inner\">\n\t\t<div class=\"elementor-element elementor-element-aadd26e e-con-full e-flex e-con e-child\" data-id=\"aadd26e\" data-element_type=\"container\" data-e-type=\"container\">\n\t\t<div class=\"elementor-element elementor-element-f6277f1 e-con-full e-flex e-con e-child\" data-id=\"f6277f1\" data-element_type=\"container\" data-e-type=\"container\" data-settings=\"{&quot;background_background&quot;:&quot;slideshow&quot;,&quot;background_slideshow_gallery&quot;:[],&quot;background_slideshow_loop&quot;:&quot;yes&quot;,&quot;background_slideshow_slide_duration&quot;:5000,&quot;background_slideshow_slide_transition&quot;:&quot;fade&quot;,&quot;background_slideshow_transition_duration&quot;:500}\">\n\t\t\t\t<div class=\"elementor-element elementor-element-6cef45e elementor-widget elementor-widget-text-editor\" data-id=\"6cef45e\" data-element_type=\"widget\" data-e-type=\"widget\" data-widget_type=\"text-editor.default\">\n\t\t\t\t<div class=\"elementor-widget-container\">\n\t\t\t\t\t\t\t\t\t<h2><span style=\"color: #5e3fde;\">Colabora<\/span><\/h2>\t\t\t\t\t\t\t\t<\/div>\n\t\t\t\t<\/div>\n\t\t\t\t<div class=\"elementor-element elementor-element-dcdf190 elementor-widget elementor-widget-text-editor\" data-id=\"dcdf190\" data-element_type=\"widget\" data-e-type=\"widget\" data-widget_type=\"text-editor.default\">\n\t\t\t\t<div class=\"elementor-widget-container\">\n\t\t\t\t\t\t\t\t\t<h5><span style=\"color: #993366;\"><em>\u00bfPor qu\u00e9 hoy unas sociedades democr\u00e1ticas, que no son en absoluto comparables a las de los a\u00f1os 1930, parecen inermes ante la subida de los demagogos? \u00bfNo ten\u00edamos las generaciones mejor preparadas de la historia? \u00bfNo somos m\u00e1s libres, acomodados y cultos que nunca? \u00bfC\u00f3mo hemos ca\u00eddo en la trampa de la \u201cdesalfabetizaci\u00f3n\u201d, cuando lo ten\u00edamos todo para formar ciudadanos libres y muy informados? Todav\u00eda me niego a creer que todo ello se reduzca al hecho de que somos una manada de corderos abducidos por la desinformaci\u00f3n de las redes sociales, pero me parece que esto se acerca cada vez m\u00e1s a la explicaci\u00f3n de lo que nos est\u00e1 pasando. <\/em><\/span><sub>Josep M. Mu\u00f1oz<sup><a href=\"escolavirtual.cat\/referencias\/calidad\/\">[51]<\/a><\/sup><\/sub><\/h5>\t\t\t\t\t\t\t\t<\/div>\n\t\t\t\t<\/div>\n\t\t\t\t<\/div>\n\t\t\t\t<\/div>\n\t\t\t\t\t<\/div>\n\t\t\t\t<\/div>\n\t\t<div class=\"elementor-element elementor-element-0f69ddd e-flex e-con-boxed e-con e-parent\" data-id=\"0f69ddd\" data-element_type=\"container\" data-e-type=\"container\">\n\t\t\t\t\t<div class=\"e-con-inner\">\n\t\t<div class=\"elementor-element elementor-element-9bd20c0 e-con-full e-flex e-con e-child\" data-id=\"9bd20c0\" data-element_type=\"container\" data-e-type=\"container\">\n\t\t\t\t<div class=\"elementor-element elementor-element-0bc9c88 elementor-widget__width-initial elementor-widget elementor-widget-heading\" data-id=\"0bc9c88\" data-element_type=\"widget\" data-e-type=\"widget\" data-widget_type=\"heading.default\">\n\t\t\t\t<div class=\"elementor-widget-container\">\n\t\t\t\t\t<h2 class=\"elementor-heading-title elementor-size-default\">Qui\u00e9nes son los colaboradores?<\/h2>\t\t\t\t<\/div>\n\t\t\t\t<\/div>\n\t\t\t\t<div class=\"elementor-element elementor-element-fd714d8 elementor-widget elementor-widget-text-editor\" data-id=\"fd714d8\" data-element_type=\"widget\" data-e-type=\"widget\" data-widget_type=\"text-editor.default\">\n\t\t\t\t<div class=\"elementor-widget-container\">\n\t\t\t\t\t\t\t\t\t<div>Los colaboradores son docentes que comparten la preparaci\u00f3n de recursos did\u00e1cticos dentro de la plataforma. De este modo, el trabajo es m\u00e1s eficiente y de mejor calidad.<\/div><div>\u00a0<\/div><div>Establecen unos acuerdos que deben cumplir para poder elaborar los recursos y tener acceso a ellos, de forma que nadie se aproveche del trabajo del resto.<\/div><div>\u00a0<\/div><div>Cada docente, en cumplimiento de los acuerdos, decide qu\u00e9 alumnos pueden matricularse, y tener acceso a los contenidos del curso que ha colaborado a crear.<\/div>\t\t\t\t\t\t\t\t<\/div>\n\t\t\t\t<\/div>\n\t\t\t\t<\/div>\n\t\t<div class=\"elementor-element elementor-element-6da5505 e-con-full e-flex e-con e-child\" data-id=\"6da5505\" data-element_type=\"container\" data-e-type=\"container\">\n\t\t\t\t<div class=\"elementor-element elementor-element-1ab7a33 elementor-widget elementor-widget-heading\" data-id=\"1ab7a33\" data-element_type=\"widget\" data-e-type=\"widget\" data-widget_type=\"heading.default\">\n\t\t\t\t<div class=\"elementor-widget-container\">\n\t\t\t\t\t<h2 class=\"elementor-heading-title elementor-size-default\">Porqu\u00e9 deber\u00eda colaborar?<\/h2>\t\t\t\t<\/div>\n\t\t\t\t<\/div>\n\t\t\t\t<div class=\"elementor-element elementor-element-b3ce0dc elementor-widget elementor-widget-text-editor\" data-id=\"b3ce0dc\" data-element_type=\"widget\" data-e-type=\"widget\" data-widget_type=\"text-editor.default\">\n\t\t\t\t<div class=\"elementor-widget-container\">\n\t\t\t\t\t\t\t\t\t<div>Porque est\u00e1s agotado y harto<a href=\"https:\/\/escolavirtual.cat\/es\/referencias\/calidad\" target=\"_blank\" rel=\"noopener\"><sup>[21]<\/sup><\/a> de preparar nuevos recursos, de la mejor calidad que puedes, cada a\u00f1o, debido a que cambias de nivel, de asignatura, de centro educativo, o te cambian el curr\u00edculum.<\/div><div>\u00a0<\/div><div>Porque te da verg\u00fcenza que las instituciones p\u00fablicas hagan uso de software privativo.<\/div><div>\u00a0<\/div><div>Porque te da verg\u00fcenza continuar trabajando para Google, o Microsoft, facilitando datos del alumnado, para que puedan entrenar las respectivas IA y mejorar los algoritmos, que posteriormente se utilizar\u00e1n para manipular su conducta con fines comerciales.<a href=\"https:\/\/escolavirtual.cat\/es\/referencias\/privacidad\" target=\"_blank\" rel=\"noopener\"><sup>[2]<\/sup><\/a><\/div><div>\u00a0<\/div><div>Porque te da verg\u00fcenza continuar formando parte del reba\u00f1o de docentes que contin\u00faan utilizando con orgullo el software, que las Big Tech ofrecen. Sin pensar, ni razonar, ni tener el esp\u00edritu cr\u00edtico, atributos que se suponen que tendr\u00edan que tener los docentes, y que despu\u00e9s aparentan querer ense\u00f1ar y exigir al alumnado.<\/div><div>\u00a0<\/div><div>Porque el software abierto y libre de moodle, que utiliza Escuela Virtual, ofrece unas funcionalidades muy superiores, que van en beneficio de la ense\u00f1anza, el aprendizaje y la privacidad.<\/div><div>\u00a0<\/div><div>Porque est\u00e1s dispuesto a hacer frente a la privatizaci\u00f3n de la educaci\u00f3n promovida desde las instituciones p\u00fablicas, por su incompetencia y por la carencia de financiaci\u00f3n, como est\u00e1 pasando con la sanidad.<\/div><div>\u00a0<\/div><div>Porque crees que la educaci\u00f3n de calidad es un derecho universal y est\u00e1s dispuesto a colaborar para hacerlo llegar a todo el mundo, sobre todo a las personas m\u00e1s desfavorecidas.<\/div><div>\u00a0<\/div><div>Porque est\u00e1s hasta el gorro de las modas pedag\u00f3gicas, que ahora resulta que no se fundamentan en ninguna evidencia cient\u00edfica,<a href=\"https:\/\/escolavirtual.cat\/es\/referencias\/calidad\" target=\"_blank\" rel=\"noopener\"><sup>[35][38]<\/sup><\/a> ] impulsadas por los pedagogos portadores de la Buena Nueva, que no han entrado nunca a una clase de Secundaria ni de Primaria.<a href=\"https:\/\/escolavirtual.cat\/es\/referencias\/calidad\" target=\"_blank\" rel=\"noopener\"><sup>[50]<\/sup><\/a><\/div><div>\u00a0<\/div><div>Porque est\u00e1s harto de la sem\u00e1ntica creativa de estos pedagogos de circo. Excepcionalmente, la manifiestan con todo su esplendor, cuando se atreven a ir m\u00e1s all\u00e1 de la simple descripci\u00f3n de los ingredientes, y se dignan a concretar la elaboraci\u00f3n de la receta que predican. Acaban haciendo el rid\u00edculo m\u00e1s estrepitoso, como se ha visto en los ejemplos de elaboraci\u00f3n de las <a href=\"https:\/\/caib.es\/pidip2front\/jsp\/ca\/fitxa-convocatoria\/stronglrsquoequip-redactor-dels-nous-curriacuteculums-lomloe-ha-comenccedilat-a-publicar-exemples-drsquoaplicacioacute-i-resposta-a-preguntes-frequumlentsstrong\" target=\"_blank\" rel=\"noopener\">situaciones de aprendizaje.<\/a><\/div>\t\t\t\t\t\t\t\t<\/div>\n\t\t\t\t<\/div>\n\t\t\t\t<\/div>\n\t\t\t\t\t<\/div>\n\t\t\t\t<\/div>\n\t\t<div class=\"elementor-element elementor-element-b6c0f79 e-flex e-con-boxed e-con e-parent\" data-id=\"b6c0f79\" data-element_type=\"container\" data-e-type=\"container\">\n\t\t\t\t\t<div class=\"e-con-inner\">\n\t\t\t\t\t<\/div>\n\t\t\t\t<\/div>\n\t\t\t\t<\/div>\n\t\t","protected":false},"excerpt":{"rendered":"<p>Colabora \u00bfPor qu\u00e9 hoy unas sociedades democr\u00e1ticas, que no son en absoluto comparables a las de los a\u00f1os 1930, parecen inermes ante la subida de los demagogos? \u00bfNo ten\u00edamos las generaciones mejor preparadas de la historia? \u00bfNo somos m\u00e1s libres, acomodados y cultos que nunca? \u00bfC\u00f3mo hemos ca\u00eddo en la trampa de la \u201cdesalfabetizaci\u00f3n\u201d, cuando [&hellip;]<\/p>\n","protected":false},"author":1,"featured_media":0,"parent":0,"menu_order":0,"comment_status":"closed","ping_status":"closed","template":"","meta":{"footnotes":""},"class_list":["post-873","page","type-page","status-publish","hentry"],"blocksy_meta":[],"_links":{"self":[{"href":"https:\/\/escolavirtual.cat\/es\/wp-json\/wp\/v2\/pages\/873","targetHints":{"allow":["GET"]}}],"collection":[{"href":"https:\/\/escolavirtual.cat\/es\/wp-json\/wp\/v2\/pages"}],"about":[{"href":"https:\/\/escolavirtual.cat\/es\/wp-json\/wp\/v2\/types\/page"}],"author":[{"embeddable":true,"href":"https:\/\/escolavirtual.cat\/es\/wp-json\/wp\/v2\/users\/1"}],"replies":[{"embeddable":true,"href":"https:\/\/escolavirtual.cat\/es\/wp-json\/wp\/v2\/comments?post=873"}],"version-history":[{"count":71,"href":"https:\/\/escolavirtual.cat\/es\/wp-json\/wp\/v2\/pages\/873\/revisions"}],"predecessor-version":[{"id":5151,"href":"https:\/\/escolavirtual.cat\/es\/wp-json\/wp\/v2\/pages\/873\/revisions\/5151"}],"wp:attachment":[{"href":"https:\/\/escolavirtual.cat\/es\/wp-json\/wp\/v2\/media?parent=873"}],"curies":[{"name":"wp","href":"https:\/\/api.w.org\/{rel}","templated":true}]}}